{"id":1312,"date":"2026-02-12T11:22:19","date_gmt":"2026-02-12T11:22:19","guid":{"rendered":"http:\/\/centrumartystyczne.pl\/?page_id=1312"},"modified":"2026-02-12T11:22:19","modified_gmt":"2026-02-12T11:22:19","slug":"procedura-przyprowadzania-i-odbierania-dzieci","status":"publish","type":"page","link":"http:\/\/centrumartystyczne.pl\/?page_id=1312","title":{"rendered":"Procedura przyprowadzania i odbierania dzieci"},"content":{"rendered":"\n<p><strong><em>Podstawa prawna:<\/em><\/strong><\/p>\n\n\n\n<p><strong><em><u>Rozporz\u0105dzenie Ministra Edukacji Narodowej z dnia 21 maja 2001 r. w sprawie ramowych statut\u00f3w publicznego przedszkola oraz publicznych szk\u00f3\u0142 (Dz.U. z 2001 r. Nr 61, poz. 624, z p\u00f3\u017an. zm.).<\/u><\/em><\/strong><\/p>\n\n\n\n<ol class=\"wp-block-list\">\n<li><strong>Procedura przyprowadzania dziecka do Plac\u00f3wki Centrum Artystyczne dla dzieci \u201ePastela\u201d<\/strong><\/li>\n<\/ol>\n\n\n\n<ul class=\"wp-block-list\">\n<li>Dziecko przyprowadzane jest do Plac\u00f3wki przez rodzic\u00f3w (prawnych opiekun\u00f3w) b\u0105d\u017a inne osoby przez nich upowa\u017cniane. To oni odpowiadaj\u0105 za bezpiecze\u0144stwo dziecka w drodze do Plac\u00f3wki, a\u017c do momentu przekazania go nauczycielowi\/opiekunowi Plac\u00f3wki.<\/li>\n\n\n\n<li>Dziecko powinno by\u0107 przyprowadzone do Plac\u00f3wki w godzinach od 7<sup>00<\/sup>\u00a0do 9<sup>00<\/sup>. Potrzeb\u0119 p\u00f3\u017aniejszego przyprowadzenia dziecka do Plac\u00f3wki nale\u017cy zg\u0142osi\u0107 nauczycielowi\/opiekunowi grupy osobi\u015bcie dzie\u0144 wcze\u015bniej lub najp\u00f3\u017aniej telefonicznie w tym samym dniu, ale nie p\u00f3\u017aniej ni\u017c do godziny 9<sup>00<\/sup>.<\/li>\n\n\n\n<li>W celach bezpiecze\u0144stwa o godz. 9<sup>00<\/sup>\u00a0drzwi wej\u015bciowe do Plac\u00f3wki b\u0119d\u0105 zamykane. W przypadku sporadycznego sp\u00f3\u017anienia nale\u017cy powiadamia\u0107 personel dzwonkiem.<\/li>\n\n\n\n<li>Rodzice (opiekunowie) lub osoby przez nich upowa\u017cnione, przyprowadzaj\u0105c dziecko, maj\u0105 obowi\u0105zek osobi\u015bcie odda\u0107 je pod opiek\u0119 odpowiedniego nauczyciela grupy.<\/li>\n\n\n\n<li>Dziecko przyprowadzane do Plac\u00f3wki powinno by\u0107 zdrowe.<\/li>\n\n\n\n<li>W trosce o zdrowie innych dzieci nauczyciel\/opiekun, w wyniku podejrze\u0144 o chorobie dziecka, ma prawo odmowy przyj\u0119cia dziecka do Plac\u00f3wki lub za\u017c\u0105dania za\u015bwiadczenia lekarskiego o aktualnym stanie zdrowia dziecka. Takiego samego za\u015bwiadczenia mo\u017ce za\u017c\u0105da\u0107 nauczyciel\/opiekun po d\u0142u\u017cszej nieobecno\u015bci dziecka w Plac\u00f3wce spowodowanej chorob\u0105 zaka\u017an\u0105.<\/li>\n\n\n\n<li>Nauczyciel\/opiekun odbieraj\u0105cy dziecko od rodzic\u00f3w ma obowi\u0105zek sprawdzi\u0107, czy dziecko nie przynosi ze sob\u0105 przedmiot\u00f3w lub zabawek, kt\u00f3re mog\u0105 stanowi\u0107 zagro\u017cenie dla innych dzieci.<\/li>\n<\/ul>\n\n\n\n<ol start=\"2\" class=\"wp-block-list\">\n<li><strong>Procedura odbierania dziecka z Plac\u00f3wki<\/strong><\/li>\n<\/ol>\n\n\n\n<p>&nbsp;&nbsp;&nbsp;&nbsp;&nbsp;&nbsp;&nbsp;&nbsp;&nbsp;&nbsp;&nbsp;&nbsp;&nbsp; <strong>Osoby upowa\u017cnione do obioru dziecka z Plac\u00f3wki<\/strong>&nbsp;<\/p>\n\n\n\n<ul class=\"wp-block-list\">\n<li>Dziecko jest odbierane z Plac\u00f3wki przez swoich rodzic\u00f3w, prawnych opiekun\u00f3w lub osoby przez nich upowa\u017cnione.<\/li>\n\n\n\n<li>Osoby upowa\u017cnione przez rodzic\u00f3w (prawnych opiekun\u00f3w) do obioru dziecka powinny by\u0107 pe\u0142noletnie lub ma\u0142oletnie, ale powy\u017cej 13 roku \u017cycia.<\/li>\n\n\n\n<li>Rodzice (prawni opiekunowie) mog\u0105 upowa\u017cni\u0107 inn\u0105 osob\u0119 do odebrania dziecka z Plac\u00f3wki tylko poprzez pisemne o\u015bwiadczenie sk\u0142adane w Karcie zg\u0142oszenia dziecka do Plac\u00f3wki.<\/li>\n\n\n\n<li>Upowa\u017cnienie powinno by\u0107 podpisane przez oboje rodzic\u00f3w (prawnych opiekun\u00f3w) dziecka, chyba \u017ce kt\u00f3re\u015b z nich ma ograniczone prawa rodzicielskie.<\/li>\n\n\n\n<li>Upowa\u017cnienie powinno by\u0107 z\u0142o\u017cone przed rozpocz\u0119ciem roku przedszkolnego, nie p\u00f3\u017aniej jednak ni\u017c w dniu 1 wrze\u015bnia, i jest ono wa\u017cne przez jeden rok.<\/li>\n\n\n\n<li>Upowa\u017cnienie mo\u017ce by\u0107 w ka\u017cdej chwili zmienione lub odwo\u0142ane.<\/li>\n\n\n\n<li>Upowa\u017cnienie powinno by\u0107 przechowywane przez odpowiedniego nauczyciela\/opiekuna w dokumentacji grupy.<\/li>\n\n\n\n<li>Rodzice (prawni opiekunowie), podpisuj\u0105c upowa\u017cnienie, bior\u0105 pe\u0142n\u0105 odpowiedzialno\u015b\u0107 za \u017cycie i bezpiecze\u0144stwo dziecka w czasie jego powrotu do domu z upowa\u017cnion\u0105 osob\u0105.<\/li>\n\n\n\n<li>Rodzicie mog\u0105 tak\u017ce upowa\u017cni\u0107 okre\u015blon\u0105 osob\u0119 doros\u0142\u0105 do jednorazowego odebrania dziecka z Plac\u00f3wki, jednak\u017ce takie upowa\u017cnienie powinno nast\u0105pi\u0107 w formie pisemnej.<\/li>\n\n\n\n<li>\u017badna telefoniczna pro\u015bba rodzica (prawnego opiekuna) bez pisemnego upowa\u017cnienia do wydania dziecka nie b\u0119dzie uwzgl\u0119dniania.<\/li>\n\n\n\n<li>Na pro\u015bb\u0119 nauczyciela lub innego personelu Plac\u00f3wki osoba odbieraj\u0105ca dziecko z Plac\u00f3wki powinna okaza\u0107 dokument potwierdzaj\u0105cy jej to\u017csamo\u015b\u0107.<\/li>\n\n\n\n<li>\u017byczenie rodzic\u00f3w dotycz\u0105ce nieodbierania dziecka przez jedno z rodzic\u00f3w musi by\u0107 po\u015bwiadczone przez stosowne orzeczenie s\u0105dowe.<\/li>\n<\/ul>\n\n\n\n<p><strong>Zasady odbierania dziecka z Plac\u00f3wki<\/strong><\/p>\n\n\n\n<ul class=\"wp-block-list\">\n<li>Rodzice (prawni opiekunowie) lub inne osoby przez nich upowa\u017cnione maj\u0105 obowi\u0105zek odebra\u0107 dziecko z Plac\u00f3wki najp\u00f3\u017aniej do okre\u015blonego czasu funkcjonowania plac\u00f3wki nie p\u00f3\u017aniej ni\u017c do godz.18.<\/li>\n\n\n\n<li>Rodzice (prawni opiekunowie) lub osoby przez nich upowa\u017cnione zobowi\u0105zani s\u0105 odebra\u0107 dziecko osobi\u015bcie od nauczyciela prowadz\u0105cego\/opiekuna dok\u0142adaj\u0105c wszelkich stara\u0144, aby fakt odbioru dziecka by\u0142 odpowiednio zaakcentowany.<\/li>\n\n\n\n<li>Obowi\u0105zkiem nauczyciela\/opiekuna jest upewnienie si\u0119, \u017ce dziecko jest odbierane przez osob\u0119 wskazan\u0105 w upowa\u017cnieniu.<\/li>\n\n\n\n<li>Nauczyciel\/opiekun nie ponosi odpowiedzialno\u015bci za dziecko pozostaj\u0105ce na terenie Plac\u00f3wki tak\u017ce pod opiek\u0105 rodzic\u00f3w, prawnych opiekun\u00f3w lub os\u00f3b upowa\u017cnionych do sprawowania opieki nad dzieckiem.<\/li>\n<\/ul>\n\n\n\n<p><strong>Post\u0119powanie w przypadku nieodebrania dziecka z Plac\u00f3wki<\/strong><\/p>\n\n\n\n<ul class=\"wp-block-list\">\n<li>W przypadku nieodebrania dziecka z Plac\u00f3wki w godzinach funkcjonowania plac\u00f3wki nauczyciel\/opiekun odpowiedzialny za dziecko zobowi\u0105zany jest skontaktowa\u0107 si\u0119 telefonicznie z rodzicami (prawnymi opiekunami) dziecka lub inn\u0105 upowa\u017cniona osob\u0105, wskazan\u0105 w upowa\u017cnieniu.<\/li>\n\n\n\n<li>W razie wyczerpania wszystkich mo\u017cliwo\u015bci odbioru dziecka przez rodzic\u00f3w, prawnych opiekun\u00f3w lub innych os\u00f3b upowa\u017cnionych, (po up\u0142ywie 2 godzin) nauczyciel\/opiekun mo\u017ce podj\u0105\u0107 decyzj\u0119 o powiadomieniu Policji.<\/li>\n\n\n\n<li>Do czasu odebrania dziecka przez rodzic\u00f3w (prawnych opiekun\u00f3w), inn\u0105 upowa\u017cnion\u0105 osob\u0119 lub Policj\u0119 nauczyciel\/opiekun nie mo\u017ce wyj\u015b\u0107 z dzieckiem poza teren Plac\u00f3wki ani pozostawi\u0107 dziecka pod opiek\u0105 innej osoby.<\/li>\n\n\n\n<li>Rodzice (prawni opiekunowie) lub upowa\u017cnione osoby, kt\u00f3rzy odbior\u0105 dziecko po up\u0142ywie czasu pracy Plac\u00f3wki s\u0105 zobowi\u0105zani do podpisania sporz\u0105dzonej przez nauczyciela\/opiekuna notatki z podaniem godziny przyj\u015bcia do plac\u00f3wki.<\/li>\n<\/ul>\n\n\n\n<p><strong>Post\u0119powanie w przypadku podejrzenia, \u017ce dziecko z Plac\u00f3wki odbiera osoba b\u0119d\u0105ca pod wp\u0142ywem alkoholu lub \u015brodk\u00f3w odurzaj\u0105cych<\/strong>&nbsp;<\/p>\n\n\n\n<ul class=\"wp-block-list\">\n<li>W przypadku podejrzenia, \u017ce dziecko z Plac\u00f3wki odbiera rodzic (opiekun prawny) lub osoba upowa\u017cniona do odbioru dziecka, b\u0119d\u0105ca pod wp\u0142ywem alkoholu lub \u015brodk\u00f3w odurzaj\u0105cych, nauczyciel\/opiekun odmawia wydania dziecka.<\/li>\n\n\n\n<li>Je\u017celi osoby, o kt\u00f3rych mowa wy\u017cej, b\u0119d\u0105c w stanie wskazuj\u0105cym na spo\u017cycie alkoholu lub przyj\u0119cie \u015brodk\u00f3w odurzaj\u0105cych, zachowuj\u0105 si\u0119 agresywnie lub odmawiaj\u0105 opuszczenia terenu Plac\u00f3wki, nauczyciel\/opiekun zwraca si\u0119 o interwencj\u0119 do Policji.<\/li>\n\n\n\n<li>Nauczyciel\/opiekun zawiadamia o zdarzeniu drugiego rodzica lub inn\u0105 osob\u0119 upowa\u017cnion\u0105 do odbioru dziecka, zobowi\u0105zuj\u0105c go\/j\u0105 do osobistego odebrania dziecka z Plac\u00f3wki.<\/li>\n\n\n\n<li>W razie, gdy w zwi\u0105zku z zaistnia\u0142\u0105 sytuacj\u0105, mimo zako\u0144czenia czasu pracy Plac\u00f3wki, dziecko nie zosta\u0142o odebrane, nauczyciel\/opiekun jest zobowi\u0105zany sprawowa\u0107 opiek\u0119 nad dzieckiem na terenie Plac\u00f3wki do czasu wyja\u015bnienia sprawy.<\/li>\n\n\n\n<li>W razie przed\u0142u\u017caj\u0105cej si\u0119 nieobecno\u015bci os\u00f3b zawiadomionych, nauczyciel\/opiekun zwraca si\u0119 o pomoc do Policji.<\/li>\n<\/ul>\n\n\n\n<ol start=\"3\" class=\"wp-block-list\">\n<li><strong>Postanowienia ko\u0144cowe\u00a0<\/strong><\/li>\n<\/ol>\n\n\n\n<ul class=\"wp-block-list\">\n<li>Z procedur\u0105 powinni zosta\u0107 zapoznani wszyscy nauczyciele\/opiekunowie oraz rodzicie najp\u00f3\u017aniej do 15 wrze\u015bnia bie\u017c\u0105cego roku szkolnego.<\/li>\n\n\n\n<li>Ewentualnych zmian w procedurze dokonuje w\u0142a\u015bciciel plac\u00f3wki.<\/li>\n<\/ul>\n\n\n\n<p><\/p>\n","protected":false},"excerpt":{"rendered":"<p>Podstawa prawna: Rozporz\u0105dzenie Ministra Edukacji Narodowej z dnia 21 maja 2001 r. w sprawie ramowych statut\u00f3w publicznego przedszkola oraz publicznych szk\u00f3\u0142 (Dz.U. z 2001 r. Nr 61, poz. 624, z p\u00f3\u017an. zm.). &nbsp;&nbsp;&nbsp;&nbsp;&nbsp;&nbsp;&nbsp;&nbsp;&nbsp;&nbsp;&nbsp;&nbsp;&nbsp; Osoby upowa\u017cnione do obioru dziecka z Plac\u00f3wki&nbsp; &hellip; <\/p>\n","protected":false},"author":1,"featured_media":0,"parent":0,"menu_order":0,"comment_status":"closed","ping_status":"closed","template":"","meta":{"footnotes":""},"class_list":["post-1312","page","type-page","status-publish","hentry"],"_links":{"self":[{"href":"http:\/\/centrumartystyczne.pl\/index.php?rest_route=\/wp\/v2\/pages\/1312","targetHints":{"allow":["GET"]}}],"collection":[{"href":"http:\/\/centrumartystyczne.pl\/index.php?rest_route=\/wp\/v2\/pages"}],"about":[{"href":"http:\/\/centrumartystyczne.pl\/index.php?rest_route=\/wp\/v2\/types\/page"}],"author":[{"embeddable":true,"href":"http:\/\/centrumartystyczne.pl\/index.php?rest_route=\/wp\/v2\/users\/1"}],"replies":[{"embeddable":true,"href":"http:\/\/centrumartystyczne.pl\/index.php?rest_route=%2Fwp%2Fv2%2Fcomments&post=1312"}],"version-history":[{"count":1,"href":"http:\/\/centrumartystyczne.pl\/index.php?rest_route=\/wp\/v2\/pages\/1312\/revisions"}],"predecessor-version":[{"id":1313,"href":"http:\/\/centrumartystyczne.pl\/index.php?rest_route=\/wp\/v2\/pages\/1312\/revisions\/1313"}],"wp:attachment":[{"href":"http:\/\/centrumartystyczne.pl\/index.php?rest_route=%2Fwp%2Fv2%2Fmedia&parent=1312"}],"curies":[{"name":"wp","href":"https:\/\/api.w.org\/{rel}","templated":true}]}}